{"id":116,"date":"2022-10-15T14:03:01","date_gmt":"2022-10-15T12:03:01","guid":{"rendered":"https:\/\/roter-ochse.de\/\/\/?page_id=116"},"modified":"2022-12-08T18:14:26","modified_gmt":"2022-12-08T17:14:26","slug":"wandern","status":"publish","type":"page","link":"https:\/\/roter-ochse.de\/eng\/wandern\/","title":{"rendered":"Hiking"},"content":{"rendered":"<div data-elementor-type=\"wp-page\" data-elementor-id=\"116\" class=\"elementor elementor-116\" data-elementor-post-type=\"page\">\n\t\t\t\t\t\t<section class=\"elementor-section elementor-top-section elementor-element elementor-element-9fe56c0 elementor-section-height-min-height elementor-section-boxed elementor-section-height-default elementor-section-items-middle\" data-id=\"9fe56c0\" data-element_type=\"section\" data-e-type=\"section\" data-settings=\"{&quot;background_background&quot;:&quot;classic&quot;}\">\n\t\t\t\t\t\t<div class=\"elementor-container elementor-column-gap-default\">\n\t\t\t\t\t<div class=\"elementor-column elementor-col-100 elementor-top-column elementor-element elementor-element-24515a8\" data-id=\"24515a8\" data-element_type=\"column\" data-e-type=\"column\">\n\t\t\t<div class=\"elementor-widget-wrap\">\n\t\t\t\t\t\t\t<\/div>\n\t\t<\/div>\n\t\t\t\t\t<\/div>\n\t\t<\/section>\n\t\t\t\t<section class=\"elementor-section elementor-top-section elementor-element elementor-element-b75586c elementor-section-boxed elementor-section-height-default elementor-section-height-default\" data-id=\"b75586c\" data-element_type=\"section\" data-e-type=\"section\">\n\t\t\t\t\t\t<div class=\"elementor-container elementor-column-gap-default\">\n\t\t\t\t\t<div class=\"elementor-column elementor-col-100 elementor-top-column elementor-element elementor-element-d6fda12\" data-id=\"d6fda12\" data-element_type=\"column\" data-e-type=\"column\">\n\t\t\t<div class=\"elementor-widget-wrap elementor-element-populated\">\n\t\t\t\t\t\t<div class=\"elementor-element elementor-element-7542d02 elementor-widget elementor-widget-template\" data-id=\"7542d02\" data-element_type=\"widget\" data-e-type=\"widget\" data-widget_type=\"template.default\">\n\t\t\t\t<div class=\"elementor-widget-container\">\n\t\t\t\t\t\t\t<div class=\"elementor-template\">\n\t\t\t\t\t<div data-elementor-type=\"section\" data-elementor-id=\"333\" class=\"elementor elementor-333\" data-elementor-post-type=\"elementor_library\">\n\t\t\t\t\t<section class=\"elementor-section elementor-top-section elementor-element elementor-element-fed125c elementor-section-full_width elementor-section-stretched animated-slow elementor-section-height-default elementor-section-height-default elementor-invisible\" data-id=\"fed125c\" data-element_type=\"section\" data-e-type=\"section\" data-settings=\"{&quot;stretch_section&quot;:&quot;section-stretched&quot;,&quot;background_background&quot;:&quot;classic&quot;,&quot;shape_divider_bottom&quot;:&quot;opacity-fan&quot;,&quot;animation&quot;:&quot;fadeInDown&quot;}\">\n\t\t\t\t\t<div class=\"elementor-shape elementor-shape-bottom\" aria-hidden=\"true\" data-negative=\"false\">\n\t\t\t<svg xmlns=\"http:\/\/www.w3.org\/2000\/svg\" viewbox=\"0 0 283.5 19.6\" preserveaspectratio=\"none\">\n\t<path class=\"elementor-shape-fill\" style=\"opacity:0.33\" d=\"M0 0L0 18.8 141.8 4.1 283.5 18.8 283.5 0z\"\/>\n\t<path class=\"elementor-shape-fill\" style=\"opacity:0.33\" d=\"M0 0L0 12.6 141.8 4 283.5 12.6 283.5 0z\"\/>\n\t<path class=\"elementor-shape-fill\" style=\"opacity:0.33\" d=\"M0 0L0 6.4 141.8 4 283.5 6.4 283.5 0z\"\/>\n\t<path class=\"elementor-shape-fill\" d=\"M0 0L0 1.2 141.8 4 283.5 1.2 283.5 0z\"\/>\n<\/svg>\t\t<\/div>\n\t\t\t\t\t<div class=\"elementor-container elementor-column-gap-default\">\n\t\t\t\t\t<div class=\"elementor-column elementor-col-100 elementor-top-column elementor-element elementor-element-d9677cb\" data-id=\"d9677cb\" data-element_type=\"column\" data-e-type=\"column\">\n\t\t\t<div class=\"elementor-widget-wrap elementor-element-populated\">\n\t\t\t\t\t\t<div class=\"elementor-element elementor-element-b003636 elementor-widget elementor-widget-text-editor\" data-id=\"b003636\" data-element_type=\"widget\" data-e-type=\"widget\" data-widget_type=\"text-editor.default\">\n\t\t\t\t<div class=\"elementor-widget-container\">\n\t\t\t\t\t\t\t\t\t<p><span style=\"color: #ffffff;\"><strong>5 \u20ac pro Zimmer pro Nacht sparen bei <\/strong><\/span><a href=\"https:\/\/reservation.one.dirs21.de\/roter-ochsenet\" target=\"_blank\" rel=\"noopener\"><span style=\"color: #ffffff;\"><strong>Online-Buchung direkt hier,<\/strong> statt telefonisch oder per Mail<strong>!<\/strong><\/span><\/a><\/p>\t\t\t\t\t\t\t\t<\/div>\n\t\t\t\t<\/div>\n\t\t\t\t\t<\/div>\n\t\t<\/div>\n\t\t\t\t\t<\/div>\n\t\t<\/section>\n\t\t\t\t<section class=\"elementor-section elementor-top-section elementor-element elementor-element-b62c57e elementor-hidden-mobile elementor-section-boxed elementor-section-height-default elementor-section-height-default\" data-id=\"b62c57e\" data-element_type=\"section\" data-e-type=\"section\">\n\t\t\t\t\t\t<div class=\"elementor-container elementor-column-gap-default\">\n\t\t\t\t\t<div class=\"elementor-column elementor-col-100 elementor-top-column elementor-element elementor-element-c42c414\" data-id=\"c42c414\" data-element_type=\"column\" data-e-type=\"column\">\n\t\t\t<div class=\"elementor-widget-wrap elementor-element-populated\">\n\t\t\t\t\t\t<div class=\"elementor-element elementor-element-0b17b97 elementor-widget__width-initial elementor-widget elementor-widget-html\" data-id=\"0b17b97\" data-element_type=\"widget\" data-e-type=\"widget\" data-widget_type=\"html.default\">\n\t\t\t\t<div class=\"elementor-widget-container\">\n\t\t\t\t\t<div id=\"d21-quickbook\" data-d21=\n     \"{'hasHorizontalOrientation':true}\"><\/div>\t\t\t\t<\/div>\n\t\t\t\t<\/div>\n\t\t\t\t<div class=\"elementor-element elementor-element-1a2c9d7 elementor-widget__width-auto elementor-widget elementor-widget-button\" data-id=\"1a2c9d7\" data-element_type=\"widget\" data-e-type=\"widget\" data-widget_type=\"button.default\">\n\t\t\t\t<div class=\"elementor-widget-container\">\n\t\t\t\t\t\t\t\t\t<div class=\"elementor-button-wrapper\">\n\t\t\t\t\t<a class=\"elementor-button elementor-button-link elementor-size-sm\" href=\"https:\/\/reservation.one.dirs21.de\/roter-ochse-gutscheinede?culture=de-DE\" target=\"_blank\">\n\t\t\t\t\t\t<span class=\"elementor-button-content-wrapper\">\n\t\t\t\t\t\t\t\t\t<span class=\"elementor-button-text\">Gutscheine<\/span>\n\t\t\t\t\t<\/span>\n\t\t\t\t\t<\/a>\n\t\t\t\t<\/div>\n\t\t\t\t\t\t\t\t<\/div>\n\t\t\t\t<\/div>\n\t\t\t\t\t<\/div>\n\t\t<\/div>\n\t\t\t\t\t<\/div>\n\t\t<\/section>\n\t\t\t\t<\/div>\n\t\t\t\t<\/div>\n\t\t\t\t\t\t<\/div>\n\t\t\t\t<\/div>\n\t\t\t\t\t<\/div>\n\t\t<\/div>\n\t\t\t\t\t<\/div>\n\t\t<\/section>\n\t\t\t\t<section class=\"elementor-section elementor-top-section elementor-element elementor-element-7193a84 elementor-section-boxed elementor-section-height-default elementor-section-height-default\" data-id=\"7193a84\" data-element_type=\"section\" data-e-type=\"section\">\n\t\t\t\t\t\t<div class=\"elementor-container elementor-column-gap-default\">\n\t\t\t\t\t<div class=\"elementor-column elementor-col-100 elementor-top-column elementor-element elementor-element-a742dfe\" data-id=\"a742dfe\" data-element_type=\"column\" data-e-type=\"column\">\n\t\t\t<div class=\"elementor-widget-wrap elementor-element-populated\">\n\t\t\t\t\t\t<div class=\"elementor-element elementor-element-2c85f3f elementor-widget elementor-widget-heading\" data-id=\"2c85f3f\" data-element_type=\"widget\" data-e-type=\"widget\" data-widget_type=\"heading.default\">\n\t\t\t\t<div class=\"elementor-widget-container\">\n\t\t\t\t\t<h1 class=\"elementor-heading-title elementor-size-default\">Hiking<\/h1>\t\t\t\t<\/div>\n\t\t\t\t<\/div>\n\t\t\t\t<div class=\"elementor-element elementor-element-cc08d08 elementor-widget-divider--view-line elementor-widget elementor-widget-divider\" data-id=\"cc08d08\" data-element_type=\"widget\" data-e-type=\"widget\" data-widget_type=\"divider.default\">\n\t\t\t\t<div class=\"elementor-widget-container\">\n\t\t\t\t\t\t\t<div class=\"elementor-divider\">\n\t\t\t<span class=\"elementor-divider-separator\">\n\t\t\t\t\t\t<\/span>\n\t\t<\/div>\n\t\t\t\t\t\t<\/div>\n\t\t\t\t<\/div>\n\t\t\t\t\t<\/div>\n\t\t<\/div>\n\t\t\t\t\t<\/div>\n\t\t<\/section>\n\t\t\t\t<section class=\"elementor-section elementor-top-section elementor-element elementor-element-0333553 elementor-section-boxed elementor-section-height-default elementor-section-height-default\" data-id=\"0333553\" data-element_type=\"section\" data-e-type=\"section\">\n\t\t\t\t\t\t<div class=\"elementor-container elementor-column-gap-default\">\n\t\t\t\t\t<div class=\"elementor-column elementor-col-100 elementor-top-column elementor-element elementor-element-17ded22\" data-id=\"17ded22\" data-element_type=\"column\" data-e-type=\"column\">\n\t\t\t<div class=\"elementor-widget-wrap elementor-element-populated\">\n\t\t\t\t\t\t<div class=\"elementor-element elementor-element-f30b9d1 elementor-widget elementor-widget-heading\" data-id=\"f30b9d1\" data-element_type=\"widget\" data-e-type=\"widget\" data-widget_type=\"heading.default\">\n\t\t\t\t<div class=\"elementor-widget-container\">\n\t\t\t\t\t<h2 class=\"elementor-heading-title elementor-size-default\">On Cobbles<\/h2>\t\t\t\t<\/div>\n\t\t\t\t<\/div>\n\t\t\t\t\t<\/div>\n\t\t<\/div>\n\t\t\t\t\t<\/div>\n\t\t<\/section>\n\t\t\t\t<section class=\"elementor-section elementor-top-section elementor-element elementor-element-ed6d10f elementor-section-boxed elementor-section-height-default elementor-section-height-default\" data-id=\"ed6d10f\" data-element_type=\"section\" data-e-type=\"section\">\n\t\t\t\t\t\t<div class=\"elementor-container elementor-column-gap-default\">\n\t\t\t\t\t<div class=\"elementor-column elementor-col-50 elementor-top-column elementor-element elementor-element-613403f\" data-id=\"613403f\" data-element_type=\"column\" data-e-type=\"column\">\n\t\t\t<div class=\"elementor-widget-wrap elementor-element-populated\">\n\t\t\t\t\t\t<div class=\"elementor-element elementor-element-0308e8a elementor-widget elementor-widget-image\" data-id=\"0308e8a\" data-element_type=\"widget\" data-e-type=\"widget\" data-widget_type=\"image.default\">\n\t\t\t\t<div class=\"elementor-widget-container\">\n\t\t\t\t\t\t\t\t\t\t\t\t\t\t\t<img fetchpriority=\"high\" decoding=\"async\" width=\"800\" height=\"888\" src=\"https:\/\/roter-ochse.de\/wp-content\/uploads\/2022\/12\/Qualitaetsgastgeber-allgemein2017.jpg\" class=\"attachment-large size-large wp-image-1632\" alt=\"\" srcset=\"https:\/\/roter-ochse.de\/wp-content\/uploads\/2022\/12\/Qualitaetsgastgeber-allgemein2017.jpg 804w, https:\/\/roter-ochse.de\/wp-content\/uploads\/2022\/12\/Qualitaetsgastgeber-allgemein2017-270x300.jpg 270w, https:\/\/roter-ochse.de\/wp-content\/uploads\/2022\/12\/Qualitaetsgastgeber-allgemein2017-768x852.jpg 768w, https:\/\/roter-ochse.de\/wp-content\/uploads\/2022\/12\/Qualitaetsgastgeber-allgemein2017-180x200.jpg 180w\" sizes=\"(max-width: 800px) 100vw, 800px\" \/>\t\t\t\t\t\t\t\t\t\t\t\t\t\t\t<\/div>\n\t\t\t\t<\/div>\n\t\t\t\t\t<\/div>\n\t\t<\/div>\n\t\t\t\t<div class=\"elementor-column elementor-col-50 elementor-top-column elementor-element elementor-element-8fc1991\" data-id=\"8fc1991\" data-element_type=\"column\" data-e-type=\"column\">\n\t\t\t<div class=\"elementor-widget-wrap elementor-element-populated\">\n\t\t\t\t\t\t<div class=\"elementor-element elementor-element-a69ff19 elementor-widget elementor-widget-text-editor\" data-id=\"a69ff19\" data-element_type=\"widget\" data-e-type=\"widget\" data-widget_type=\"text-editor.default\">\n\t\t\t\t<div class=\"elementor-widget-container\">\n\t\t\t\t\t\t\t\t\t<p>The German Hiking Association has set nationwide quality standards with the \"Qualit\u00e4tsgastgeber Wanderbares Deutschland\" (Quality Host Wanderable Germany) and awarded particularly hiking-friendly accommodation and catering establishments in Germany, among which we may count ourselves.<\/p><div class=\"art-content-layout\"><div class=\"art-content-layout-row\"><div class=\"art-layout-cell\"><p><strong>Quality promise for hiking guests<\/strong><\/p><p>These quality promises are only an excerpt from the 23 core criteria that we fulfil as a Quality Host Wanderbares Deutschland. In addition, we provide at least 9 optional criteria. Talk to us about our other services:<\/p><ul><li>We offer a drying room for equipment and clothing and lend out shoe cleaning equipment.<\/li><li>We keep you informed about the weather.<\/li><li>We have storage trays for your hiking boots.<\/li><li>We are also happy to accommodate hikers at short notice and for just one night.<\/li><li>We are knowledgeable about hiking and have staff who are informed about hiking offers and can provide individual information.<\/li><li>We offer route suggestions for local hikes and tour advice with additional information material.<\/li><li>We have information for you on local and regional attractions.<\/li><li>We offer a reservation service for the next accommodation and night.<\/li><li>We organise a pick-up and drop-off service to hiking trails for you.<\/li><li>We offer luggage transport to the next accommodation.<\/li><\/ul><p>\"Qualit\u00e4tsgastgeber Wanderbares Deutschland\" is an initiative of the German Hiking Association in cooperation with regional partners. The complete catalogue of criteria, further information and all awarded hosts can be found at:<br \/><a href=\"http:\/\/www.wanderbares-deutschland.de\/\">www.wanderbares-deutschland.de<\/a><br \/><span style=\"font-size: 1rem;\">Deutscher Wanderverband Wilhelmsh\u00f6her Allee 157-159 34121 Kassel<\/span><\/p><p>Hikes directly from the house:<\/p><p><a href=\"http:\/\/www.traumpfade.info\/traumpfade-rhein-mosel-eifel\/rhein\/wolfsdelle\/\" target=\"_blank\" rel=\"noopener\">Traumpfad Wolfsdelle<\/a><br \/><a href=\"http:\/\/www.traumpfade.info\/traumpfade-rhein-mosel-eifel\/rhein\/rheingoldbogen\/\" target=\"_blank\" rel=\"noopener\">Traumpfad Rheingoldbogen<\/a><br \/><a href=\"https:\/\/www.tourenplaner-rheinland-pfalz.de\/de\/tour\/praedikats-fernwanderweg\/rheinburgenweg-07-etappe-rhens-koblenz-sued-nord\/1506079\/\" target=\"_blank\" rel=\"noopener\">Rhein Burgenweg Koblenz \u2013 Rhens<\/a><br \/><a href=\"https:\/\/www.tourenplaner-rheinland-pfalz.de\/de\/tour\/praedikats-fernwanderweg\/rheinburgenweg-08-etappe-rhens-bad-salzig-nord-sued\/2807800\/\" target=\"_blank\" rel=\"noopener\">Rhein Burgen Weg von Rhens \u2013\u00a0 Bad Salzig<\/a><\/p><\/div><\/div><\/div><p>\u00a0<\/p>\t\t\t\t\t\t\t\t<\/div>\n\t\t\t\t<\/div>\n\t\t\t\t\t<\/div>\n\t\t<\/div>\n\t\t\t\t\t<\/div>\n\t\t<\/section>\n\t\t\t\t<\/div>","protected":false},"excerpt":{"rendered":"<p>Wandern Auf Schusters Rappen Der Deutsche Wanderverband hat mit dem \u201eQualit\u00e4tsgastgeber Wanderbares Deutschland\u201c bundesweite Qualit\u00e4tsstandards gesetzt und besonders wanderfreundliche Unterk\u00fcnfte und Gastronomiebetriebe in Deutschland ausgezeichnet, zu denen wir uns z\u00e4hlen d\u00fcrfen. Qualit\u00e4tsversprechen f\u00fcr Wanderg\u00e4ste Diese Qualit\u00e4tsversprechen sind nur ein Auszug aus den 23 Kernkriterien, die wir als Qualit\u00e4tsgastgeber Wanderbares Deutschland erf\u00fcllen. Daneben erbringen wir noch [&hellip;]<\/p>\n","protected":false},"author":1,"featured_media":0,"parent":0,"menu_order":0,"comment_status":"closed","ping_status":"closed","template":"","meta":{"footnotes":""},"class_list":["post-116","page","type-page","status-publish","hentry"],"yoast_head":"<!-- This site is optimized with the Yoast SEO plugin v27.4 - https:\/\/yoast.com\/product\/yoast-seo-wordpress\/ -->\n<title>Wandern - AKZENT Hotel Roter Ochse<\/title>\n<meta name=\"robots\" content=\"index, follow, max-snippet:-1, max-image-preview:large, max-video-preview:-1\" \/>\n<link rel=\"canonical\" href=\"https:\/\/roter-ochse.de\/eng\/wandern\/\" \/>\n<meta property=\"og:locale\" content=\"en_GB\" \/>\n<meta property=\"og:type\" content=\"article\" \/>\n<meta property=\"og:title\" content=\"Wandern - AKZENT Hotel Roter Ochse\" \/>\n<meta property=\"og:description\" content=\"Wandern Auf Schusters Rappen Der Deutsche Wanderverband hat mit dem \u201eQualit\u00e4tsgastgeber Wanderbares Deutschland\u201c bundesweite Qualit\u00e4tsstandards gesetzt und besonders wanderfreundliche Unterk\u00fcnfte und Gastronomiebetriebe in Deutschland ausgezeichnet, zu denen wir uns z\u00e4hlen d\u00fcrfen. Qualit\u00e4tsversprechen f\u00fcr Wanderg\u00e4ste Diese Qualit\u00e4tsversprechen sind nur ein Auszug aus den 23 Kernkriterien, die wir als Qualit\u00e4tsgastgeber Wanderbares Deutschland erf\u00fcllen. Daneben erbringen wir noch [&hellip;]\" \/>\n<meta property=\"og:url\" content=\"https:\/\/roter-ochse.de\/eng\/wandern\/\" \/>\n<meta property=\"og:site_name\" content=\"AKZENT Hotel Roter Ochse\" \/>\n<meta property=\"article:publisher\" content=\"https:\/\/www.facebook.com\/roterochse\/\" \/>\n<meta property=\"article:modified_time\" content=\"2022-12-08T17:14:26+00:00\" \/>\n<meta property=\"og:image\" content=\"https:\/\/roter-ochse.de\/wp-content\/uploads\/2022\/12\/Qualitaetsgastgeber-allgemein2017.jpg\" \/>\n<meta name=\"twitter:card\" content=\"summary_large_image\" \/>\n<meta name=\"twitter:site\" content=\"@roterochserhens\" \/>\n<meta name=\"twitter:label1\" content=\"Estimated reading time\" \/>\n\t<meta name=\"twitter:data1\" content=\"1 minute\" \/>\n<script type=\"application\/ld+json\" class=\"yoast-schema-graph\">{\"@context\":\"https:\\\/\\\/schema.org\",\"@graph\":[{\"@type\":\"WebPage\",\"@id\":\"https:\\\/\\\/roter-ochse.de\\\/wandern\\\/\",\"url\":\"https:\\\/\\\/roter-ochse.de\\\/wandern\\\/\",\"name\":\"Wandern - AKZENT Hotel Roter Ochse\",\"isPartOf\":{\"@id\":\"https:\\\/\\\/roter-ochse.de\\\/#website\"},\"primaryImageOfPage\":{\"@id\":\"https:\\\/\\\/roter-ochse.de\\\/wandern\\\/#primaryimage\"},\"image\":{\"@id\":\"https:\\\/\\\/roter-ochse.de\\\/wandern\\\/#primaryimage\"},\"thumbnailUrl\":\"https:\\\/\\\/roter-ochse.de\\\/wp-content\\\/uploads\\\/2022\\\/12\\\/Qualitaetsgastgeber-allgemein2017.jpg\",\"datePublished\":\"2022-10-15T12:03:01+00:00\",\"dateModified\":\"2022-12-08T17:14:26+00:00\",\"breadcrumb\":{\"@id\":\"https:\\\/\\\/roter-ochse.de\\\/wandern\\\/#breadcrumb\"},\"inLanguage\":\"en-GB\",\"potentialAction\":[{\"@type\":\"ReadAction\",\"target\":[\"https:\\\/\\\/roter-ochse.de\\\/wandern\\\/\"]}]},{\"@type\":\"ImageObject\",\"inLanguage\":\"en-GB\",\"@id\":\"https:\\\/\\\/roter-ochse.de\\\/wandern\\\/#primaryimage\",\"url\":\"https:\\\/\\\/roter-ochse.de\\\/wp-content\\\/uploads\\\/2022\\\/12\\\/Qualitaetsgastgeber-allgemein2017.jpg\",\"contentUrl\":\"https:\\\/\\\/roter-ochse.de\\\/wp-content\\\/uploads\\\/2022\\\/12\\\/Qualitaetsgastgeber-allgemein2017.jpg\"},{\"@type\":\"BreadcrumbList\",\"@id\":\"https:\\\/\\\/roter-ochse.de\\\/wandern\\\/#breadcrumb\",\"itemListElement\":[{\"@type\":\"ListItem\",\"position\":1,\"name\":\"Startseite\",\"item\":\"https:\\\/\\\/roter-ochse.de\\\/\"},{\"@type\":\"ListItem\",\"position\":2,\"name\":\"Wandern\"}]},{\"@type\":\"WebSite\",\"@id\":\"https:\\\/\\\/roter-ochse.de\\\/#website\",\"url\":\"https:\\\/\\\/roter-ochse.de\\\/\",\"name\":\"AKZENT Hotel Roter Ochse\",\"description\":\"Familiengef\u00fchrtes Hotel am Romantischen Rhein in Rhens bei Koblenz\",\"publisher\":{\"@id\":\"https:\\\/\\\/roter-ochse.de\\\/#organization\"},\"potentialAction\":[{\"@type\":\"SearchAction\",\"target\":{\"@type\":\"EntryPoint\",\"urlTemplate\":\"https:\\\/\\\/roter-ochse.de\\\/?s={search_term_string}\"},\"query-input\":{\"@type\":\"PropertyValueSpecification\",\"valueRequired\":true,\"valueName\":\"search_term_string\"}}],\"inLanguage\":\"en-GB\"},{\"@type\":\"Organization\",\"@id\":\"https:\\\/\\\/roter-ochse.de\\\/#organization\",\"name\":\"AKZENT Hotel Roter Ochse\",\"url\":\"https:\\\/\\\/roter-ochse.de\\\/\",\"logo\":{\"@type\":\"ImageObject\",\"inLanguage\":\"en-GB\",\"@id\":\"https:\\\/\\\/roter-ochse.de\\\/#\\\/schema\\\/logo\\\/image\\\/\",\"url\":\"https:\\\/\\\/roter-ochse.de\\\/wp-content\\\/uploads\\\/2022\\\/10\\\/AKZENT-Hotel-Roter-Ochse_Rhens_Unterschrift-Logo_Logo.jpg\",\"contentUrl\":\"https:\\\/\\\/roter-ochse.de\\\/wp-content\\\/uploads\\\/2022\\\/10\\\/AKZENT-Hotel-Roter-Ochse_Rhens_Unterschrift-Logo_Logo.jpg\",\"width\":1024,\"height\":372,\"caption\":\"AKZENT Hotel Roter Ochse\"},\"image\":{\"@id\":\"https:\\\/\\\/roter-ochse.de\\\/#\\\/schema\\\/logo\\\/image\\\/\"},\"sameAs\":[\"https:\\\/\\\/www.facebook.com\\\/roterochse\\\/\",\"https:\\\/\\\/x.com\\\/roterochserhens\",\"https:\\\/\\\/www.instagram.com\\\/explore\\\/locations\\\/1014428681\\\/akzent-hotel-roter-ochse-rhens\\\/\"]}]}<\/script>\n<!-- \/ Yoast SEO plugin. -->","yoast_head_json":{"title":"Wandern - AKZENT Hotel Roter Ochse","robots":{"index":"index","follow":"follow","max-snippet":"max-snippet:-1","max-image-preview":"max-image-preview:large","max-video-preview":"max-video-preview:-1"},"canonical":"https:\/\/roter-ochse.de\/eng\/wandern\/","og_locale":"en_GB","og_type":"article","og_title":"Wandern - AKZENT Hotel Roter Ochse","og_description":"Wandern Auf Schusters Rappen Der Deutsche Wanderverband hat mit dem \u201eQualit\u00e4tsgastgeber Wanderbares Deutschland\u201c bundesweite Qualit\u00e4tsstandards gesetzt und besonders wanderfreundliche Unterk\u00fcnfte und Gastronomiebetriebe in Deutschland ausgezeichnet, zu denen wir uns z\u00e4hlen d\u00fcrfen. Qualit\u00e4tsversprechen f\u00fcr Wanderg\u00e4ste Diese Qualit\u00e4tsversprechen sind nur ein Auszug aus den 23 Kernkriterien, die wir als Qualit\u00e4tsgastgeber Wanderbares Deutschland erf\u00fcllen. Daneben erbringen wir noch [&hellip;]","og_url":"https:\/\/roter-ochse.de\/eng\/wandern\/","og_site_name":"AKZENT Hotel Roter Ochse","article_publisher":"https:\/\/www.facebook.com\/roterochse\/","article_modified_time":"2022-12-08T17:14:26+00:00","og_image":[{"url":"https:\/\/roter-ochse.de\/wp-content\/uploads\/2022\/12\/Qualitaetsgastgeber-allgemein2017.jpg","type":"","width":"","height":""}],"twitter_card":"summary_large_image","twitter_site":"@roterochserhens","twitter_misc":{"Estimated reading time":"1 minute"},"schema":{"@context":"https:\/\/schema.org","@graph":[{"@type":"WebPage","@id":"https:\/\/roter-ochse.de\/wandern\/","url":"https:\/\/roter-ochse.de\/wandern\/","name":"Wandern - AKZENT Hotel Roter Ochse","isPartOf":{"@id":"https:\/\/roter-ochse.de\/#website"},"primaryImageOfPage":{"@id":"https:\/\/roter-ochse.de\/wandern\/#primaryimage"},"image":{"@id":"https:\/\/roter-ochse.de\/wandern\/#primaryimage"},"thumbnailUrl":"https:\/\/roter-ochse.de\/wp-content\/uploads\/2022\/12\/Qualitaetsgastgeber-allgemein2017.jpg","datePublished":"2022-10-15T12:03:01+00:00","dateModified":"2022-12-08T17:14:26+00:00","breadcrumb":{"@id":"https:\/\/roter-ochse.de\/wandern\/#breadcrumb"},"inLanguage":"en-GB","potentialAction":[{"@type":"ReadAction","target":["https:\/\/roter-ochse.de\/wandern\/"]}]},{"@type":"ImageObject","inLanguage":"en-GB","@id":"https:\/\/roter-ochse.de\/wandern\/#primaryimage","url":"https:\/\/roter-ochse.de\/wp-content\/uploads\/2022\/12\/Qualitaetsgastgeber-allgemein2017.jpg","contentUrl":"https:\/\/roter-ochse.de\/wp-content\/uploads\/2022\/12\/Qualitaetsgastgeber-allgemein2017.jpg"},{"@type":"BreadcrumbList","@id":"https:\/\/roter-ochse.de\/wandern\/#breadcrumb","itemListElement":[{"@type":"ListItem","position":1,"name":"Startseite","item":"https:\/\/roter-ochse.de\/"},{"@type":"ListItem","position":2,"name":"Wandern"}]},{"@type":"WebSite","@id":"https:\/\/roter-ochse.de\/#website","url":"https:\/\/roter-ochse.de\/","name":"AKZENT Hotel Roter Ochse","description":"Familiengef\u00fchrtes Hotel am Romantischen Rhein in Rhens bei Koblenz","publisher":{"@id":"https:\/\/roter-ochse.de\/#organization"},"potentialAction":[{"@type":"SearchAction","target":{"@type":"EntryPoint","urlTemplate":"https:\/\/roter-ochse.de\/?s={search_term_string}"},"query-input":{"@type":"PropertyValueSpecification","valueRequired":true,"valueName":"search_term_string"}}],"inLanguage":"en-GB"},{"@type":"Organization","@id":"https:\/\/roter-ochse.de\/#organization","name":"AKZENT Hotel Roter Ochse","url":"https:\/\/roter-ochse.de\/","logo":{"@type":"ImageObject","inLanguage":"en-GB","@id":"https:\/\/roter-ochse.de\/#\/schema\/logo\/image\/","url":"https:\/\/roter-ochse.de\/wp-content\/uploads\/2022\/10\/AKZENT-Hotel-Roter-Ochse_Rhens_Unterschrift-Logo_Logo.jpg","contentUrl":"https:\/\/roter-ochse.de\/wp-content\/uploads\/2022\/10\/AKZENT-Hotel-Roter-Ochse_Rhens_Unterschrift-Logo_Logo.jpg","width":1024,"height":372,"caption":"AKZENT Hotel Roter Ochse"},"image":{"@id":"https:\/\/roter-ochse.de\/#\/schema\/logo\/image\/"},"sameAs":["https:\/\/www.facebook.com\/roterochse\/","https:\/\/x.com\/roterochserhens","https:\/\/www.instagram.com\/explore\/locations\/1014428681\/akzent-hotel-roter-ochse-rhens\/"]}]}},"_links":{"self":[{"href":"https:\/\/roter-ochse.de\/eng\/wp-json\/wp\/v2\/pages\/116","targetHints":{"allow":["GET"]}}],"collection":[{"href":"https:\/\/roter-ochse.de\/eng\/wp-json\/wp\/v2\/pages"}],"about":[{"href":"https:\/\/roter-ochse.de\/eng\/wp-json\/wp\/v2\/types\/page"}],"author":[{"embeddable":true,"href":"https:\/\/roter-ochse.de\/eng\/wp-json\/wp\/v2\/users\/1"}],"replies":[{"embeddable":true,"href":"https:\/\/roter-ochse.de\/eng\/wp-json\/wp\/v2\/comments?post=116"}],"version-history":[{"count":31,"href":"https:\/\/roter-ochse.de\/eng\/wp-json\/wp\/v2\/pages\/116\/revisions"}],"predecessor-version":[{"id":1635,"href":"https:\/\/roter-ochse.de\/eng\/wp-json\/wp\/v2\/pages\/116\/revisions\/1635"}],"wp:attachment":[{"href":"https:\/\/roter-ochse.de\/eng\/wp-json\/wp\/v2\/media?parent=116"}],"curies":[{"name":"wp","href":"https:\/\/api.w.org\/{rel}","templated":true}]}}