{"id":118,"date":"2022-10-15T14:03:10","date_gmt":"2022-10-15T12:03:10","guid":{"rendered":"https:\/\/roter-ochse.de\/\/\/?page_id=118"},"modified":"2023-08-01T19:56:37","modified_gmt":"2023-08-01T17:56:37","slug":"links","status":"publish","type":"page","link":"https:\/\/roter-ochse.de\/eng\/links\/","title":{"rendered":"Links"},"content":{"rendered":"<div data-elementor-type=\"wp-page\" data-elementor-id=\"118\" class=\"elementor elementor-118\" data-elementor-post-type=\"page\">\n\t\t\t\t\t\t<section class=\"elementor-section elementor-top-section elementor-element elementor-element-8c474ba elementor-section-height-min-height elementor-section-boxed elementor-section-height-default elementor-section-items-middle\" data-id=\"8c474ba\" data-element_type=\"section\" data-e-type=\"section\" data-settings=\"{&quot;background_background&quot;:&quot;classic&quot;}\">\n\t\t\t\t\t\t<div class=\"elementor-container elementor-column-gap-default\">\n\t\t\t\t\t<div class=\"elementor-column elementor-col-100 elementor-top-column elementor-element elementor-element-10846ec\" data-id=\"10846ec\" data-element_type=\"column\" data-e-type=\"column\">\n\t\t\t<div class=\"elementor-widget-wrap\">\n\t\t\t\t\t\t\t<\/div>\n\t\t<\/div>\n\t\t\t\t\t<\/div>\n\t\t<\/section>\n\t\t\t\t<section class=\"elementor-section elementor-top-section elementor-element elementor-element-cb85794 elementor-section-boxed elementor-section-height-default elementor-section-height-default\" data-id=\"cb85794\" data-element_type=\"section\" data-e-type=\"section\">\n\t\t\t\t\t\t<div class=\"elementor-container elementor-column-gap-default\">\n\t\t\t\t\t<div class=\"elementor-column elementor-col-100 elementor-top-column elementor-element elementor-element-6c69fbb\" data-id=\"6c69fbb\" data-element_type=\"column\" data-e-type=\"column\">\n\t\t\t<div class=\"elementor-widget-wrap elementor-element-populated\">\n\t\t\t\t\t\t<div class=\"elementor-element elementor-element-6f07939 elementor-widget elementor-widget-template\" data-id=\"6f07939\" data-element_type=\"widget\" data-e-type=\"widget\" data-widget_type=\"template.default\">\n\t\t\t\t<div class=\"elementor-widget-container\">\n\t\t\t\t\t\t\t<div class=\"elementor-template\">\n\t\t\t\t\t<div data-elementor-type=\"section\" data-elementor-id=\"333\" class=\"elementor elementor-333\" data-elementor-post-type=\"elementor_library\">\n\t\t\t\t\t<section class=\"elementor-section elementor-top-section elementor-element elementor-element-fed125c elementor-section-full_width elementor-section-stretched animated-slow elementor-section-height-default elementor-section-height-default elementor-invisible\" data-id=\"fed125c\" data-element_type=\"section\" data-e-type=\"section\" data-settings=\"{&quot;stretch_section&quot;:&quot;section-stretched&quot;,&quot;background_background&quot;:&quot;classic&quot;,&quot;shape_divider_bottom&quot;:&quot;opacity-fan&quot;,&quot;animation&quot;:&quot;fadeInDown&quot;}\">\n\t\t\t\t\t<div class=\"elementor-shape elementor-shape-bottom\" aria-hidden=\"true\" data-negative=\"false\">\n\t\t\t<svg xmlns=\"http:\/\/www.w3.org\/2000\/svg\" viewbox=\"0 0 283.5 19.6\" preserveaspectratio=\"none\">\n\t<path class=\"elementor-shape-fill\" style=\"opacity:0.33\" d=\"M0 0L0 18.8 141.8 4.1 283.5 18.8 283.5 0z\"\/>\n\t<path class=\"elementor-shape-fill\" style=\"opacity:0.33\" d=\"M0 0L0 12.6 141.8 4 283.5 12.6 283.5 0z\"\/>\n\t<path class=\"elementor-shape-fill\" style=\"opacity:0.33\" d=\"M0 0L0 6.4 141.8 4 283.5 6.4 283.5 0z\"\/>\n\t<path class=\"elementor-shape-fill\" d=\"M0 0L0 1.2 141.8 4 283.5 1.2 283.5 0z\"\/>\n<\/svg>\t\t<\/div>\n\t\t\t\t\t<div class=\"elementor-container elementor-column-gap-default\">\n\t\t\t\t\t<div class=\"elementor-column elementor-col-100 elementor-top-column elementor-element elementor-element-d9677cb\" data-id=\"d9677cb\" data-element_type=\"column\" data-e-type=\"column\">\n\t\t\t<div class=\"elementor-widget-wrap elementor-element-populated\">\n\t\t\t\t\t\t<div class=\"elementor-element elementor-element-b003636 elementor-widget elementor-widget-text-editor\" data-id=\"b003636\" data-element_type=\"widget\" data-e-type=\"widget\" data-widget_type=\"text-editor.default\">\n\t\t\t\t<div class=\"elementor-widget-container\">\n\t\t\t\t\t\t\t\t\t<p><span style=\"color: #ffffff;\"><strong>5 \u20ac pro Zimmer pro Nacht sparen bei <\/strong><\/span><a href=\"https:\/\/reservation.one.dirs21.de\/roter-ochsenet\" target=\"_blank\" rel=\"noopener\"><span style=\"color: #ffffff;\"><strong>Online-Buchung direkt hier,<\/strong> statt telefonisch oder per Mail<strong>!<\/strong><\/span><\/a><\/p>\t\t\t\t\t\t\t\t<\/div>\n\t\t\t\t<\/div>\n\t\t\t\t\t<\/div>\n\t\t<\/div>\n\t\t\t\t\t<\/div>\n\t\t<\/section>\n\t\t\t\t<section class=\"elementor-section elementor-top-section elementor-element elementor-element-b62c57e elementor-hidden-mobile elementor-section-boxed elementor-section-height-default elementor-section-height-default\" data-id=\"b62c57e\" data-element_type=\"section\" data-e-type=\"section\">\n\t\t\t\t\t\t<div class=\"elementor-container elementor-column-gap-default\">\n\t\t\t\t\t<div class=\"elementor-column elementor-col-100 elementor-top-column elementor-element elementor-element-c42c414\" data-id=\"c42c414\" data-element_type=\"column\" data-e-type=\"column\">\n\t\t\t<div class=\"elementor-widget-wrap elementor-element-populated\">\n\t\t\t\t\t\t<div class=\"elementor-element elementor-element-0b17b97 elementor-widget__width-initial elementor-widget elementor-widget-html\" data-id=\"0b17b97\" data-element_type=\"widget\" data-e-type=\"widget\" data-widget_type=\"html.default\">\n\t\t\t\t<div class=\"elementor-widget-container\">\n\t\t\t\t\t<div id=\"d21-quickbook\" data-d21=\n     \"{'hasHorizontalOrientation':true}\"><\/div>\t\t\t\t<\/div>\n\t\t\t\t<\/div>\n\t\t\t\t<div class=\"elementor-element elementor-element-1a2c9d7 elementor-widget__width-auto elementor-widget elementor-widget-button\" data-id=\"1a2c9d7\" data-element_type=\"widget\" data-e-type=\"widget\" data-widget_type=\"button.default\">\n\t\t\t\t<div class=\"elementor-widget-container\">\n\t\t\t\t\t\t\t\t\t<div class=\"elementor-button-wrapper\">\n\t\t\t\t\t<a class=\"elementor-button elementor-button-link elementor-size-sm\" href=\"https:\/\/reservation.one.dirs21.de\/roter-ochse-gutscheinede?culture=de-DE\" target=\"_blank\">\n\t\t\t\t\t\t<span class=\"elementor-button-content-wrapper\">\n\t\t\t\t\t\t\t\t\t<span class=\"elementor-button-text\">Gutscheine<\/span>\n\t\t\t\t\t<\/span>\n\t\t\t\t\t<\/a>\n\t\t\t\t<\/div>\n\t\t\t\t\t\t\t\t<\/div>\n\t\t\t\t<\/div>\n\t\t\t\t\t<\/div>\n\t\t<\/div>\n\t\t\t\t\t<\/div>\n\t\t<\/section>\n\t\t\t\t<\/div>\n\t\t\t\t<\/div>\n\t\t\t\t\t\t<\/div>\n\t\t\t\t<\/div>\n\t\t\t\t\t<\/div>\n\t\t<\/div>\n\t\t\t\t\t<\/div>\n\t\t<\/section>\n\t\t\t\t<section class=\"elementor-section elementor-top-section elementor-element elementor-element-794eb92 elementor-section-boxed elementor-section-height-default elementor-section-height-default\" data-id=\"794eb92\" data-element_type=\"section\" data-e-type=\"section\">\n\t\t\t\t\t\t<div class=\"elementor-container elementor-column-gap-default\">\n\t\t\t\t\t<div class=\"elementor-column elementor-col-100 elementor-top-column elementor-element elementor-element-51ce215\" data-id=\"51ce215\" data-element_type=\"column\" data-e-type=\"column\">\n\t\t\t<div class=\"elementor-widget-wrap elementor-element-populated\">\n\t\t\t\t\t\t<div class=\"elementor-element elementor-element-f6713bb elementor-widget elementor-widget-heading\" data-id=\"f6713bb\" data-element_type=\"widget\" data-e-type=\"widget\" data-widget_type=\"heading.default\">\n\t\t\t\t<div class=\"elementor-widget-container\">\n\t\t\t\t\t<h1 class=\"elementor-heading-title elementor-size-default\">Links<\/h1>\t\t\t\t<\/div>\n\t\t\t\t<\/div>\n\t\t\t\t<div class=\"elementor-element elementor-element-6b5cc19 elementor-widget-divider--view-line elementor-widget elementor-widget-divider\" data-id=\"6b5cc19\" data-element_type=\"widget\" data-e-type=\"widget\" data-widget_type=\"divider.default\">\n\t\t\t\t<div class=\"elementor-widget-container\">\n\t\t\t\t\t\t\t<div class=\"elementor-divider\">\n\t\t\t<span class=\"elementor-divider-separator\">\n\t\t\t\t\t\t<\/span>\n\t\t<\/div>\n\t\t\t\t\t\t<\/div>\n\t\t\t\t<\/div>\n\t\t\t\t\t<\/div>\n\t\t<\/div>\n\t\t\t\t\t<\/div>\n\t\t<\/section>\n\t\t\t\t<section class=\"elementor-section elementor-top-section elementor-element elementor-element-0a3c5c7 elementor-section-boxed elementor-section-height-default elementor-section-height-default\" data-id=\"0a3c5c7\" data-element_type=\"section\" data-e-type=\"section\">\n\t\t\t\t\t\t<div class=\"elementor-container elementor-column-gap-default\">\n\t\t\t\t\t<div class=\"elementor-column elementor-col-100 elementor-top-column elementor-element elementor-element-fa29681\" data-id=\"fa29681\" data-element_type=\"column\" data-e-type=\"column\">\n\t\t\t<div class=\"elementor-widget-wrap elementor-element-populated\">\n\t\t\t\t\t\t<div class=\"elementor-element elementor-element-3a1fae7 elementor-widget elementor-widget-text-editor\" data-id=\"3a1fae7\" data-element_type=\"widget\" data-e-type=\"widget\" data-widget_type=\"text-editor.default\">\n\t\t\t\t<div class=\"elementor-widget-container\">\n\t\t\t\t\t\t\t\t\t<p>Our offer contains links to external websites of third parties, on whose contents we have no influence. Therefore, we cannot assume any liability for these external contents. The respective provider or operator of the pages is always responsible for the content of the linked pages.<\/p>\n<p>The linked pages were checked for possible legal violations at the time of linking. Illegal contents were not recognisable at the time of linking. However, permanent monitoring of the content of the linked pages is not reasonable without concrete evidence of a legal violation. If we become aware of any infringements, we will remove such links immediately.<\/p>\n<p>Link list&nbsp;<\/p>\n<p><strong>VG Rhens and town of Rhens:&nbsp;<a href=\"http:\/\/rhens.welterbe-mittelrhein.de\/startseite\/\">http:\/\/rhens.welterbe-mittelrhein.de\/startseite\/<\/a><\/strong><\/p>\n<p><strong>Die Rhenser Spielleut\u2018 Viribus Unitis&nbsp;<a href=\"http:\/\/www.rhenser-spielleut.de\/\">http:\/\/www.rhenser-spielleut.de\/<\/a><\/strong><br><strong>Listen here to a&nbsp;<a href=\"http:\/\/www.youtube.com\/watch?v=w8wTpTRsRVc\">http:\/\/www.youtube.com\/watch?v=w8wTpTRsRVc<\/a>&nbsp;from the repertoire of the Rhenser Spielleut'&nbsp;<\/strong><\/p>\n<p><strong>historical city tours&nbsp;<a href=\"http:\/\/www.rhens-fuehrungen.de\/\">www.rhens-fuehrungen.de<\/a><\/strong><\/p>\n<p><strong>Traumpfade&nbsp;<a href=\"http:\/\/www.traumpfade.info\/\">www.traumpfade.info<\/a><\/strong><\/p>\n<p><strong>Rhine Castles Hiking Trail&nbsp;<a href=\"http:\/\/www.rheinburgenweg.com\/\">www.rheinburgenweg.com<\/a><\/strong><\/p>\n<p><strong>Rheinsteig&nbsp;<a href=\"http:\/\/www.rheinsteig.de\/\">www.rheinsteig.de<\/a><\/strong><\/p>\n<p><strong>German Castles Association&nbsp;<a href=\"http:\/\/www.deutsche-burgen.org\/\">www.deutsche-burgen.org<\/a><\/strong><\/p>\n<p><strong>Heimat schmeckt! e.V.&nbsp;<a href=\"http:\/\/www.heimat-schmeckt.com\/\">www.heimat-schmeckt.com<\/a><\/strong><\/p>\n<p><strong>Eifelverein Local Group Koblenz&nbsp;<a href=\"http:\/\/www.eifelverein.de\/\">http:\/\/www.eifelverein.de\/<\/a><\/strong><\/p>\n<p><strong>Romantic Rhine&nbsp;<a href=\"http:\/\/www.romantischer-rhein.de\/\">www.romantischer-rhein.de<\/a><\/strong><\/p>\n<p><strong>Ropeway Koblenz&nbsp;<a href=\"http:\/\/www.seilbahn-koblenz.de\/start.html\">www.seilbahn-koblenz.de<\/a><\/strong><\/p>\t\t\t\t\t\t\t\t<\/div>\n\t\t\t\t<\/div>\n\t\t\t\t\t<\/div>\n\t\t<\/div>\n\t\t\t\t\t<\/div>\n\t\t<\/section>\n\t\t\t\t<\/div>","protected":false},"excerpt":{"rendered":"<p>Links Unser Angebot enth\u00e4lt Links zu externen Webseiten Dritter, auf deren Inhalte wir keinen Einfluss haben. Deshalb k\u00f6nnen wir f\u00fcr diese fremden Inhalte auch keine Gew\u00e4hr \u00fcbernehmen. F\u00fcr die Inhalte der verlinkten Seiten ist stets der jeweilige Anbieter oder Betreiber der Seiten verantwortlich. Die verlinkten Seiten wurden zum Zeitpunkt der Verlinkung auf m\u00f6gliche Rechtsverst\u00f6\u00dfe \u00fcberpr\u00fcft. [&hellip;]<\/p>\n","protected":false},"author":1,"featured_media":0,"parent":0,"menu_order":0,"comment_status":"closed","ping_status":"closed","template":"","meta":{"footnotes":""},"class_list":["post-118","page","type-page","status-publish","hentry"],"yoast_head":"<!-- This site is optimized with the Yoast SEO plugin v27.4 - https:\/\/yoast.com\/product\/yoast-seo-wordpress\/ -->\n<title>Links - AKZENT Hotel Roter Ochse<\/title>\n<meta name=\"robots\" content=\"index, follow, max-snippet:-1, max-image-preview:large, max-video-preview:-1\" \/>\n<link rel=\"canonical\" href=\"https:\/\/roter-ochse.de\/eng\/links\/\" \/>\n<meta property=\"og:locale\" content=\"en_GB\" \/>\n<meta property=\"og:type\" content=\"article\" \/>\n<meta property=\"og:title\" content=\"Links - AKZENT Hotel Roter Ochse\" \/>\n<meta property=\"og:description\" content=\"Links Unser Angebot enth\u00e4lt Links zu externen Webseiten Dritter, auf deren Inhalte wir keinen Einfluss haben. Deshalb k\u00f6nnen wir f\u00fcr diese fremden Inhalte auch keine Gew\u00e4hr \u00fcbernehmen. F\u00fcr die Inhalte der verlinkten Seiten ist stets der jeweilige Anbieter oder Betreiber der Seiten verantwortlich. Die verlinkten Seiten wurden zum Zeitpunkt der Verlinkung auf m\u00f6gliche Rechtsverst\u00f6\u00dfe \u00fcberpr\u00fcft. [&hellip;]\" \/>\n<meta property=\"og:url\" content=\"https:\/\/roter-ochse.de\/eng\/links\/\" \/>\n<meta property=\"og:site_name\" content=\"AKZENT Hotel Roter Ochse\" \/>\n<meta property=\"article:publisher\" content=\"https:\/\/www.facebook.com\/roterochse\/\" \/>\n<meta property=\"article:modified_time\" content=\"2023-08-01T17:56:37+00:00\" \/>\n<meta name=\"twitter:card\" content=\"summary_large_image\" \/>\n<meta name=\"twitter:site\" content=\"@roterochserhens\" \/>\n<meta name=\"twitter:label1\" content=\"Estimated reading time\" \/>\n\t<meta name=\"twitter:data1\" content=\"1 minute\" \/>\n<script type=\"application\/ld+json\" class=\"yoast-schema-graph\">{\"@context\":\"https:\\\/\\\/schema.org\",\"@graph\":[{\"@type\":\"WebPage\",\"@id\":\"https:\\\/\\\/roter-ochse.de\\\/links\\\/\",\"url\":\"https:\\\/\\\/roter-ochse.de\\\/links\\\/\",\"name\":\"Links - AKZENT Hotel Roter Ochse\",\"isPartOf\":{\"@id\":\"https:\\\/\\\/roter-ochse.de\\\/#website\"},\"datePublished\":\"2022-10-15T12:03:10+00:00\",\"dateModified\":\"2023-08-01T17:56:37+00:00\",\"breadcrumb\":{\"@id\":\"https:\\\/\\\/roter-ochse.de\\\/links\\\/#breadcrumb\"},\"inLanguage\":\"en-GB\",\"potentialAction\":[{\"@type\":\"ReadAction\",\"target\":[\"https:\\\/\\\/roter-ochse.de\\\/links\\\/\"]}]},{\"@type\":\"BreadcrumbList\",\"@id\":\"https:\\\/\\\/roter-ochse.de\\\/links\\\/#breadcrumb\",\"itemListElement\":[{\"@type\":\"ListItem\",\"position\":1,\"name\":\"Startseite\",\"item\":\"https:\\\/\\\/roter-ochse.de\\\/\"},{\"@type\":\"ListItem\",\"position\":2,\"name\":\"Links\"}]},{\"@type\":\"WebSite\",\"@id\":\"https:\\\/\\\/roter-ochse.de\\\/#website\",\"url\":\"https:\\\/\\\/roter-ochse.de\\\/\",\"name\":\"AKZENT Hotel Roter Ochse\",\"description\":\"Familiengef\u00fchrtes Hotel am Romantischen Rhein in Rhens bei Koblenz\",\"publisher\":{\"@id\":\"https:\\\/\\\/roter-ochse.de\\\/#organization\"},\"potentialAction\":[{\"@type\":\"SearchAction\",\"target\":{\"@type\":\"EntryPoint\",\"urlTemplate\":\"https:\\\/\\\/roter-ochse.de\\\/?s={search_term_string}\"},\"query-input\":{\"@type\":\"PropertyValueSpecification\",\"valueRequired\":true,\"valueName\":\"search_term_string\"}}],\"inLanguage\":\"en-GB\"},{\"@type\":\"Organization\",\"@id\":\"https:\\\/\\\/roter-ochse.de\\\/#organization\",\"name\":\"AKZENT Hotel Roter Ochse\",\"url\":\"https:\\\/\\\/roter-ochse.de\\\/\",\"logo\":{\"@type\":\"ImageObject\",\"inLanguage\":\"en-GB\",\"@id\":\"https:\\\/\\\/roter-ochse.de\\\/#\\\/schema\\\/logo\\\/image\\\/\",\"url\":\"https:\\\/\\\/roter-ochse.de\\\/wp-content\\\/uploads\\\/2022\\\/10\\\/AKZENT-Hotel-Roter-Ochse_Rhens_Unterschrift-Logo_Logo.jpg\",\"contentUrl\":\"https:\\\/\\\/roter-ochse.de\\\/wp-content\\\/uploads\\\/2022\\\/10\\\/AKZENT-Hotel-Roter-Ochse_Rhens_Unterschrift-Logo_Logo.jpg\",\"width\":1024,\"height\":372,\"caption\":\"AKZENT Hotel Roter Ochse\"},\"image\":{\"@id\":\"https:\\\/\\\/roter-ochse.de\\\/#\\\/schema\\\/logo\\\/image\\\/\"},\"sameAs\":[\"https:\\\/\\\/www.facebook.com\\\/roterochse\\\/\",\"https:\\\/\\\/x.com\\\/roterochserhens\",\"https:\\\/\\\/www.instagram.com\\\/explore\\\/locations\\\/1014428681\\\/akzent-hotel-roter-ochse-rhens\\\/\"]}]}<\/script>\n<!-- \/ Yoast SEO plugin. -->","yoast_head_json":{"title":"Links - AKZENT Hotel Roter Ochse","robots":{"index":"index","follow":"follow","max-snippet":"max-snippet:-1","max-image-preview":"max-image-preview:large","max-video-preview":"max-video-preview:-1"},"canonical":"https:\/\/roter-ochse.de\/eng\/links\/","og_locale":"en_GB","og_type":"article","og_title":"Links - AKZENT Hotel Roter Ochse","og_description":"Links Unser Angebot enth\u00e4lt Links zu externen Webseiten Dritter, auf deren Inhalte wir keinen Einfluss haben. Deshalb k\u00f6nnen wir f\u00fcr diese fremden Inhalte auch keine Gew\u00e4hr \u00fcbernehmen. F\u00fcr die Inhalte der verlinkten Seiten ist stets der jeweilige Anbieter oder Betreiber der Seiten verantwortlich. Die verlinkten Seiten wurden zum Zeitpunkt der Verlinkung auf m\u00f6gliche Rechtsverst\u00f6\u00dfe \u00fcberpr\u00fcft. [&hellip;]","og_url":"https:\/\/roter-ochse.de\/eng\/links\/","og_site_name":"AKZENT Hotel Roter Ochse","article_publisher":"https:\/\/www.facebook.com\/roterochse\/","article_modified_time":"2023-08-01T17:56:37+00:00","twitter_card":"summary_large_image","twitter_site":"@roterochserhens","twitter_misc":{"Estimated reading time":"1 minute"},"schema":{"@context":"https:\/\/schema.org","@graph":[{"@type":"WebPage","@id":"https:\/\/roter-ochse.de\/links\/","url":"https:\/\/roter-ochse.de\/links\/","name":"Links - AKZENT Hotel Roter Ochse","isPartOf":{"@id":"https:\/\/roter-ochse.de\/#website"},"datePublished":"2022-10-15T12:03:10+00:00","dateModified":"2023-08-01T17:56:37+00:00","breadcrumb":{"@id":"https:\/\/roter-ochse.de\/links\/#breadcrumb"},"inLanguage":"en-GB","potentialAction":[{"@type":"ReadAction","target":["https:\/\/roter-ochse.de\/links\/"]}]},{"@type":"BreadcrumbList","@id":"https:\/\/roter-ochse.de\/links\/#breadcrumb","itemListElement":[{"@type":"ListItem","position":1,"name":"Startseite","item":"https:\/\/roter-ochse.de\/"},{"@type":"ListItem","position":2,"name":"Links"}]},{"@type":"WebSite","@id":"https:\/\/roter-ochse.de\/#website","url":"https:\/\/roter-ochse.de\/","name":"AKZENT Hotel Roter Ochse","description":"Familiengef\u00fchrtes Hotel am Romantischen Rhein in Rhens bei Koblenz","publisher":{"@id":"https:\/\/roter-ochse.de\/#organization"},"potentialAction":[{"@type":"SearchAction","target":{"@type":"EntryPoint","urlTemplate":"https:\/\/roter-ochse.de\/?s={search_term_string}"},"query-input":{"@type":"PropertyValueSpecification","valueRequired":true,"valueName":"search_term_string"}}],"inLanguage":"en-GB"},{"@type":"Organization","@id":"https:\/\/roter-ochse.de\/#organization","name":"AKZENT Hotel Roter Ochse","url":"https:\/\/roter-ochse.de\/","logo":{"@type":"ImageObject","inLanguage":"en-GB","@id":"https:\/\/roter-ochse.de\/#\/schema\/logo\/image\/","url":"https:\/\/roter-ochse.de\/wp-content\/uploads\/2022\/10\/AKZENT-Hotel-Roter-Ochse_Rhens_Unterschrift-Logo_Logo.jpg","contentUrl":"https:\/\/roter-ochse.de\/wp-content\/uploads\/2022\/10\/AKZENT-Hotel-Roter-Ochse_Rhens_Unterschrift-Logo_Logo.jpg","width":1024,"height":372,"caption":"AKZENT Hotel Roter Ochse"},"image":{"@id":"https:\/\/roter-ochse.de\/#\/schema\/logo\/image\/"},"sameAs":["https:\/\/www.facebook.com\/roterochse\/","https:\/\/x.com\/roterochserhens","https:\/\/www.instagram.com\/explore\/locations\/1014428681\/akzent-hotel-roter-ochse-rhens\/"]}]}},"_links":{"self":[{"href":"https:\/\/roter-ochse.de\/eng\/wp-json\/wp\/v2\/pages\/118","targetHints":{"allow":["GET"]}}],"collection":[{"href":"https:\/\/roter-ochse.de\/eng\/wp-json\/wp\/v2\/pages"}],"about":[{"href":"https:\/\/roter-ochse.de\/eng\/wp-json\/wp\/v2\/types\/page"}],"author":[{"embeddable":true,"href":"https:\/\/roter-ochse.de\/eng\/wp-json\/wp\/v2\/users\/1"}],"replies":[{"embeddable":true,"href":"https:\/\/roter-ochse.de\/eng\/wp-json\/wp\/v2\/comments?post=118"}],"version-history":[{"count":37,"href":"https:\/\/roter-ochse.de\/eng\/wp-json\/wp\/v2\/pages\/118\/revisions"}],"predecessor-version":[{"id":3380,"href":"https:\/\/roter-ochse.de\/eng\/wp-json\/wp\/v2\/pages\/118\/revisions\/3380"}],"wp:attachment":[{"href":"https:\/\/roter-ochse.de\/eng\/wp-json\/wp\/v2\/media?parent=118"}],"curies":[{"name":"wp","href":"https:\/\/api.w.org\/{rel}","templated":true}]}}