{"id":132,"date":"2022-10-15T14:04:20","date_gmt":"2022-10-15T12:04:20","guid":{"rendered":"https:\/\/roter-ochse.de\/\/\/?page_id=132"},"modified":"2023-07-14T20:13:31","modified_gmt":"2023-07-14T18:13:31","slug":"impressum","status":"publish","type":"page","link":"https:\/\/roter-ochse.de\/eng\/impressum\/","title":{"rendered":"Imprint"},"content":{"rendered":"<div data-elementor-type=\"wp-page\" data-elementor-id=\"132\" class=\"elementor elementor-132\" data-elementor-post-type=\"page\">\n\t\t\t\t\t\t<section class=\"elementor-section elementor-top-section elementor-element elementor-element-b91d0e8 elementor-section-height-min-height elementor-section-boxed elementor-section-height-default elementor-section-items-middle\" data-id=\"b91d0e8\" data-element_type=\"section\" data-e-type=\"section\" data-settings=\"{&quot;background_background&quot;:&quot;classic&quot;}\">\n\t\t\t\t\t\t<div class=\"elementor-container elementor-column-gap-default\">\n\t\t\t\t\t<div class=\"elementor-column elementor-col-100 elementor-top-column elementor-element elementor-element-f0ce156\" data-id=\"f0ce156\" data-element_type=\"column\" data-e-type=\"column\">\n\t\t\t<div class=\"elementor-widget-wrap\">\n\t\t\t\t\t\t\t<\/div>\n\t\t<\/div>\n\t\t\t\t\t<\/div>\n\t\t<\/section>\n\t\t\t\t<section class=\"elementor-section elementor-top-section elementor-element elementor-element-cd602c2 elementor-section-boxed elementor-section-height-default elementor-section-height-default\" data-id=\"cd602c2\" data-element_type=\"section\" data-e-type=\"section\">\n\t\t\t\t\t\t<div class=\"elementor-container elementor-column-gap-default\">\n\t\t\t\t\t<div class=\"elementor-column elementor-col-100 elementor-top-column elementor-element elementor-element-6e32111\" data-id=\"6e32111\" data-element_type=\"column\" data-e-type=\"column\">\n\t\t\t<div class=\"elementor-widget-wrap elementor-element-populated\">\n\t\t\t\t\t\t<div class=\"elementor-element elementor-element-55add7e elementor-widget elementor-widget-template\" data-id=\"55add7e\" data-element_type=\"widget\" data-e-type=\"widget\" data-widget_type=\"template.default\">\n\t\t\t\t<div class=\"elementor-widget-container\">\n\t\t\t\t\t\t\t<div class=\"elementor-template\">\n\t\t\t\t\t<div data-elementor-type=\"section\" data-elementor-id=\"333\" class=\"elementor elementor-333\" data-elementor-post-type=\"elementor_library\">\n\t\t\t\t\t<section class=\"elementor-section elementor-top-section elementor-element elementor-element-fed125c elementor-section-full_width elementor-section-stretched animated-slow elementor-section-height-default elementor-section-height-default elementor-invisible\" data-id=\"fed125c\" data-element_type=\"section\" data-e-type=\"section\" data-settings=\"{&quot;stretch_section&quot;:&quot;section-stretched&quot;,&quot;background_background&quot;:&quot;classic&quot;,&quot;shape_divider_bottom&quot;:&quot;opacity-fan&quot;,&quot;animation&quot;:&quot;fadeInDown&quot;}\">\n\t\t\t\t\t<div class=\"elementor-shape elementor-shape-bottom\" aria-hidden=\"true\" data-negative=\"false\">\n\t\t\t<svg xmlns=\"http:\/\/www.w3.org\/2000\/svg\" viewbox=\"0 0 283.5 19.6\" preserveaspectratio=\"none\">\n\t<path class=\"elementor-shape-fill\" style=\"opacity:0.33\" d=\"M0 0L0 18.8 141.8 4.1 283.5 18.8 283.5 0z\"\/>\n\t<path class=\"elementor-shape-fill\" style=\"opacity:0.33\" d=\"M0 0L0 12.6 141.8 4 283.5 12.6 283.5 0z\"\/>\n\t<path class=\"elementor-shape-fill\" style=\"opacity:0.33\" d=\"M0 0L0 6.4 141.8 4 283.5 6.4 283.5 0z\"\/>\n\t<path class=\"elementor-shape-fill\" d=\"M0 0L0 1.2 141.8 4 283.5 1.2 283.5 0z\"\/>\n<\/svg>\t\t<\/div>\n\t\t\t\t\t<div class=\"elementor-container elementor-column-gap-default\">\n\t\t\t\t\t<div class=\"elementor-column elementor-col-100 elementor-top-column elementor-element elementor-element-d9677cb\" data-id=\"d9677cb\" data-element_type=\"column\" data-e-type=\"column\">\n\t\t\t<div class=\"elementor-widget-wrap elementor-element-populated\">\n\t\t\t\t\t\t<div class=\"elementor-element elementor-element-b003636 elementor-widget elementor-widget-text-editor\" data-id=\"b003636\" data-element_type=\"widget\" data-e-type=\"widget\" data-widget_type=\"text-editor.default\">\n\t\t\t\t<div class=\"elementor-widget-container\">\n\t\t\t\t\t\t\t\t\t<p><span style=\"color: #ffffff;\"><strong>5 \u20ac pro Zimmer pro Nacht sparen bei <\/strong><\/span><a href=\"https:\/\/reservation.one.dirs21.de\/roter-ochsenet\" target=\"_blank\" rel=\"noopener\"><span style=\"color: #ffffff;\"><strong>Online-Buchung direkt hier,<\/strong> statt telefonisch oder per Mail<strong>!<\/strong><\/span><\/a><\/p>\t\t\t\t\t\t\t\t<\/div>\n\t\t\t\t<\/div>\n\t\t\t\t\t<\/div>\n\t\t<\/div>\n\t\t\t\t\t<\/div>\n\t\t<\/section>\n\t\t\t\t<section class=\"elementor-section elementor-top-section elementor-element elementor-element-b62c57e elementor-hidden-mobile elementor-section-boxed elementor-section-height-default elementor-section-height-default\" data-id=\"b62c57e\" data-element_type=\"section\" data-e-type=\"section\">\n\t\t\t\t\t\t<div class=\"elementor-container elementor-column-gap-default\">\n\t\t\t\t\t<div class=\"elementor-column elementor-col-100 elementor-top-column elementor-element elementor-element-c42c414\" data-id=\"c42c414\" data-element_type=\"column\" data-e-type=\"column\">\n\t\t\t<div class=\"elementor-widget-wrap elementor-element-populated\">\n\t\t\t\t\t\t<div class=\"elementor-element elementor-element-0b17b97 elementor-widget__width-initial elementor-widget elementor-widget-html\" data-id=\"0b17b97\" data-element_type=\"widget\" data-e-type=\"widget\" data-widget_type=\"html.default\">\n\t\t\t\t<div class=\"elementor-widget-container\">\n\t\t\t\t\t<div id=\"d21-quickbook\" data-d21=\n     \"{'hasHorizontalOrientation':true}\"><\/div>\t\t\t\t<\/div>\n\t\t\t\t<\/div>\n\t\t\t\t<div class=\"elementor-element elementor-element-1a2c9d7 elementor-widget__width-auto elementor-widget elementor-widget-button\" data-id=\"1a2c9d7\" data-element_type=\"widget\" data-e-type=\"widget\" data-widget_type=\"button.default\">\n\t\t\t\t<div class=\"elementor-widget-container\">\n\t\t\t\t\t\t\t\t\t<div class=\"elementor-button-wrapper\">\n\t\t\t\t\t<a class=\"elementor-button elementor-button-link elementor-size-sm\" href=\"https:\/\/reservation.one.dirs21.de\/roter-ochse-gutscheinede?culture=de-DE\" target=\"_blank\">\n\t\t\t\t\t\t<span class=\"elementor-button-content-wrapper\">\n\t\t\t\t\t\t\t\t\t<span class=\"elementor-button-text\">Gutscheine<\/span>\n\t\t\t\t\t<\/span>\n\t\t\t\t\t<\/a>\n\t\t\t\t<\/div>\n\t\t\t\t\t\t\t\t<\/div>\n\t\t\t\t<\/div>\n\t\t\t\t\t<\/div>\n\t\t<\/div>\n\t\t\t\t\t<\/div>\n\t\t<\/section>\n\t\t\t\t<\/div>\n\t\t\t\t<\/div>\n\t\t\t\t\t\t<\/div>\n\t\t\t\t<\/div>\n\t\t\t\t\t<\/div>\n\t\t<\/div>\n\t\t\t\t\t<\/div>\n\t\t<\/section>\n\t\t\t\t<section class=\"elementor-section elementor-top-section elementor-element elementor-element-f0431e8 elementor-section-boxed elementor-section-height-default elementor-section-height-default\" data-id=\"f0431e8\" data-element_type=\"section\" data-e-type=\"section\">\n\t\t\t\t\t\t<div class=\"elementor-container elementor-column-gap-default\">\n\t\t\t\t\t<div class=\"elementor-column elementor-col-100 elementor-top-column elementor-element elementor-element-42687ea\" data-id=\"42687ea\" data-element_type=\"column\" data-e-type=\"column\">\n\t\t\t<div class=\"elementor-widget-wrap elementor-element-populated\">\n\t\t\t\t\t\t<div class=\"elementor-element elementor-element-403807e elementor-widget elementor-widget-heading\" data-id=\"403807e\" data-element_type=\"widget\" data-e-type=\"widget\" data-widget_type=\"heading.default\">\n\t\t\t\t<div class=\"elementor-widget-container\">\n\t\t\t\t\t<h1 class=\"elementor-heading-title elementor-size-default\">Imprint<\/h1>\t\t\t\t<\/div>\n\t\t\t\t<\/div>\n\t\t\t\t<div class=\"elementor-element elementor-element-eda303d elementor-widget-divider--view-line elementor-widget elementor-widget-divider\" data-id=\"eda303d\" data-element_type=\"widget\" data-e-type=\"widget\" data-widget_type=\"divider.default\">\n\t\t\t\t<div class=\"elementor-widget-container\">\n\t\t\t\t\t\t\t<div class=\"elementor-divider\">\n\t\t\t<span class=\"elementor-divider-separator\">\n\t\t\t\t\t\t<\/span>\n\t\t<\/div>\n\t\t\t\t\t\t<\/div>\n\t\t\t\t<\/div>\n\t\t\t\t\t<\/div>\n\t\t<\/div>\n\t\t\t\t\t<\/div>\n\t\t<\/section>\n\t\t\t\t<section class=\"elementor-section elementor-top-section elementor-element elementor-element-ae42457 elementor-section-boxed elementor-section-height-default elementor-section-height-default\" data-id=\"ae42457\" data-element_type=\"section\" data-e-type=\"section\">\n\t\t\t\t\t\t<div class=\"elementor-container elementor-column-gap-default\">\n\t\t\t\t\t<div class=\"elementor-column elementor-col-100 elementor-top-column elementor-element elementor-element-a5602bf\" data-id=\"a5602bf\" data-element_type=\"column\" data-e-type=\"column\">\n\t\t\t<div class=\"elementor-widget-wrap elementor-element-populated\">\n\t\t\t\t\t\t<div class=\"elementor-element elementor-element-b380348 elementor-widget elementor-widget-text-editor\" data-id=\"b380348\" data-element_type=\"widget\" data-e-type=\"widget\" data-widget_type=\"text-editor.default\">\n\t\t\t\t<div class=\"elementor-widget-container\">\n\t\t\t\t\t\t\t\t\t<h1>Imprint \/ provider identification (according to \u00a75 Telemedia Act TMG)<\/h1><h3>information provider<\/h3><h6>(responsible for the content)<\/h6><p>\u00a0<\/p><p><strong>AKZENT Hotel Roter Ochse<\/strong><br \/>Hochstrasse 27<br \/>56321 Rhens<br \/>Phone:026282221<br \/>Fax: 026283709<br \/><a href=\"https:\/\/web.archive.org\/web\/20211024174209\/mailto:info@roter-ochse.de\">info@roter-ochse.de<\/a><\/p><p>Managing Director:\u00a0<strong>Werner Kochh\u00e4user<\/strong><br \/>Authorized to represent:\u00a0<strong>Werner Kochh\u00e4user<br \/><\/strong>Responsible according to the press law:\u00a0<strong>Werner Kochh\u00e4user (address as above)<\/strong><\/p><p>\u00a0<\/p><h3>Entry in the commercial register (register court, register number)<\/h3><p>\u00a0<\/p><h3>Local tax office<\/h3><p>Koblenz<br \/>Tax number: 22\/090\/3196\/3<br \/>VAT ID: DE219864254<\/p><h3>Disclaimer<\/h3><p>Despite careful content control, we assume no liability for the content of external links. The operators of the linked pages are solely responsible for their content.<br \/>The information given here was provided to fulfill the following legal obligations:<\/p><ul><li>\u00a7 5 and \u00a7 6 Telemedia Act (TMG)<\/li><li>Section 4 (3) of the Federal Data Protection Act (BDSG)<\/li><li>\u00a7 312c Civil Code (BGB)<\/li><li>\u00a7 1 BGB Information Obligations Ordinance (BGB-InfoV)<\/li><\/ul><h3>Disclaimer<\/h3><h5>1. Content of the online offer<\/h5><p>The author assumes no liability for the topicality, correctness, completeness or quality of the information provided. Liability claims against the author relating to material or immaterial damage caused by the use or non-use of the information provided or by the use of incorrect or incomplete information are excluded as a matter of principle, provided that there is no demonstrable fault of an intentional or grossly negligent nature on the part of the author. All offers are non-binding. The author expressly reserves the right to change, supplement or delete parts of the pages or the entire offer without prior notice or to temporarily or permanently discontinue publication.<\/p><h5>2. References and Links<\/h5><p>In the case of direct or indirect references to third-party websites (\"links\") that lie outside the area of \u200b\u200bresponsibility of the author, a liability obligation would only come into effect if the author was aware of the content and it was technically possible and reasonable for him to prevent use in the event of illegal content. The author hereby expressly declares that no illegal content was discernible on the linked pages at the time the link was created. The author has no influence whatsoever on the current and future design, the content or the authorship of the linked\/connected pages. He therefore hereby expressly distances himself from all content on all linked \/ connected pages that were changed after the link was created. This statement applies to all links and references set within our own website as well as to third-party entries in guest books, discussion forums and mailing lists set up by the author. The provider of the page to which reference was made is solely liable for illegal, incorrect or incomplete content and in particular for damage resulting from the use or non-use of such information, not the person who merely refers to the respective publication via links.<\/p><h5>3. Copyright and trademark law<\/h5><p>The author endeavors to observe the copyrights of the graphics, sound documents, video sequences and texts used in all publications, to use graphics, sound documents, video sequences and texts he has created himself or to use license-free graphics, sound documents, video sequences and texts. All brands and trademarks mentioned within the website and possibly protected by third parties are subject without restriction to the provisions of the applicable trademark law and the property rights of the respective registered owner. The conclusion that trademarks are not protected by the rights of third parties should not be drawn solely on the basis of the mere mention! The copyright for published objects created by the author himself remains solely with the author of the pages. Reproduction or use of such graphics, sound documents, video sequences and texts in other electronic or printed publications is not permitted without the express consent of the author.<\/p><h5>4. Validity of this disclaimer<\/h5><p>This disclaimer of liability is to be regarded as part of the website from which reference was made to this page. If parts or individual formulations of this text do not, no longer or not completely correspond to the applicable legal situation, the remaining parts of the document remain unaffected in their content and validity.<\/p><p>\u00a0<\/p><h3>Notes on copyright of images<\/h3><ul><li>\u00a9 .shock \u2013 Fotolia.com<\/li><li>\u00a9 AKZENT Hotels<\/li><li>\u00a9 Barbara-Maria Damrau \u2013 Fotolia.com<\/li><li>\u00a9 Brigitte Bonaposta \u2013 Fotolia.com<\/li><li>\u00a9 Deklofenak \u2013 Fotolia.com<\/li><li>\u00a9 Dreadlock \u2013 Fotolia.com<\/li><li>\u00a9 drubig-photo \u2013 Fotolia.com<\/li><li>\u00a9 Floydine \u2013 Fotolia.com<\/li><li>\u00a9 fotogestoeber \u2013 Fotolia.com<\/li><li>\u00a9 Fotograf XY test 23.07.2018<\/li><li>\u00a9 Fotolia<\/li><li>\u00a9 Fotolia 105693814<\/li><li>\u00a9 GeMax GmbH<\/li><li>\u00a9 goodluz &#8211; Fotolia.com<\/li><li>\u00a9 Hotel Restaurant Roter Ochse Rhens<\/li><li>\u00a9 Jacek Chabraszewski<\/li><li>\u00a9 Kathleen Rekowski &#8211; Fotolia.com<\/li><li>\u00a9 konradbak &#8211; Fotolia.com<\/li><li>\u00a9 Kzenon &#8211; Fotolia.com<\/li><li>\u00a9 lily &#8211; Fotolia.com<\/li><li>\u00a9 Lsantilli &#8211; Fotolia.com<\/li><li>\u00a9 Maridav &#8211; Fotolia.com<\/li><li>\u00a9 momius &#8211; Fotolia.com<\/li><li>\u00a9 Monkey Business &#8211; Fotolia.com<\/li><li>\u00a9 Nejron Photo &#8211; Fotolia.com<\/li><li>\u00a9 Pavel Timofeev &#8211; Fotolia.com<\/li><li>\u00a9 peshkova &#8211; Fotolia.com<\/li><li>\u00a9 PhotoSG &#8211; Fotolia.com<\/li><li>\u00a9 Postkarte<\/li><li>\u00a9 Robert Kneschke &#8211; Fotolia.com<\/li><li>\u00a9 Roter Ochse<\/li><li>\u00a9 Roter Ochse Rhens<\/li><li>\u00a9 stockcreations &#8211; Fotolia.com<\/li><li>\u00a9 stokkete &#8211; Fotolia.com<\/li><li>\u00a9 Syda Productions &#8211; Fotolia.com<\/li><li>\u00a9 Thomas Francois &#8211; Fotolia.com<\/li><li>\u00a9 Visions-AD &#8211; Fotolia.com<\/li><li>\u00a9 Wolfgang Vogt<\/li><li>\u00a9 yanlev &#8211; Fotolia.com<\/li><\/ul>\t\t\t\t\t\t\t\t<\/div>\n\t\t\t\t<\/div>\n\t\t\t\t\t<\/div>\n\t\t<\/div>\n\t\t\t\t\t<\/div>\n\t\t<\/section>\n\t\t\t\t<\/div>","protected":false},"excerpt":{"rendered":"<p>Impressum Impressum \/ Anbieterkennzeichnung (nach \u00a75 Telemediengesetz TMG) Informationsanbieter (veranwortlich f\u00fcr den Inhalt) \u00a0 AKZENT Hotel Roter OchseHochstrasse 2756321 RhensTelefon:026282221Telefax: 026283709info@roter-ochse.de Gesch\u00e4ftsf\u00fchrer:\u00a0Werner Kochh\u00e4userVertretungsberechtigt:\u00a0Werner Kochh\u00e4userVerantwortlich im Sinne des Presserechts:\u00a0Werner Kochh\u00e4user (Anschrift wie oben) \u00a0 Handelsregistereintrag (Registergericht, Registernummer) \u00a0 Zust\u00e4ndiges Finanzamt KoblenzSteuernummer: 22\/090\/3196\/3USt.-ID: DE219864254 Disclaimer Trotz sorgf\u00e4ltiger inhaltlicher Kontrolle \u00fcbernehmen wir keine Haftung f\u00fcr die Inhalteexterner Links. [&hellip;]<\/p>\n","protected":false},"author":1,"featured_media":0,"parent":0,"menu_order":0,"comment_status":"closed","ping_status":"closed","template":"","meta":{"footnotes":""},"class_list":["post-132","page","type-page","status-publish","hentry"],"yoast_head":"<!-- This site is optimized with the Yoast SEO plugin v27.3 - https:\/\/yoast.com\/product\/yoast-seo-wordpress\/ -->\n<title>Impressum - AKZENT Hotel Roter Ochse<\/title>\n<meta name=\"robots\" content=\"index, follow, max-snippet:-1, max-image-preview:large, max-video-preview:-1\" \/>\n<link rel=\"canonical\" href=\"https:\/\/roter-ochse.de\/eng\/impressum\/\" \/>\n<meta property=\"og:locale\" content=\"en_GB\" \/>\n<meta property=\"og:type\" content=\"article\" \/>\n<meta property=\"og:title\" content=\"Impressum - AKZENT Hotel Roter Ochse\" \/>\n<meta property=\"og:description\" content=\"Impressum Impressum \/ Anbieterkennzeichnung (nach \u00a75 Telemediengesetz TMG) Informationsanbieter (veranwortlich f\u00fcr den Inhalt) \u00a0 AKZENT Hotel Roter OchseHochstrasse 2756321 RhensTelefon:026282221Telefax: 026283709info@roter-ochse.de Gesch\u00e4ftsf\u00fchrer:\u00a0Werner Kochh\u00e4userVertretungsberechtigt:\u00a0Werner Kochh\u00e4userVerantwortlich im Sinne des Presserechts:\u00a0Werner Kochh\u00e4user (Anschrift wie oben) \u00a0 Handelsregistereintrag (Registergericht, Registernummer) \u00a0 Zust\u00e4ndiges Finanzamt KoblenzSteuernummer: 22\/090\/3196\/3USt.-ID: DE219864254 Disclaimer Trotz sorgf\u00e4ltiger inhaltlicher Kontrolle \u00fcbernehmen wir keine Haftung f\u00fcr die Inhalteexterner Links. [&hellip;]\" \/>\n<meta property=\"og:url\" content=\"https:\/\/roter-ochse.de\/eng\/impressum\/\" \/>\n<meta property=\"og:site_name\" content=\"AKZENT Hotel Roter Ochse\" \/>\n<meta property=\"article:publisher\" content=\"https:\/\/www.facebook.com\/roterochse\/\" \/>\n<meta property=\"article:modified_time\" content=\"2023-07-14T18:13:31+00:00\" \/>\n<meta name=\"twitter:card\" content=\"summary_large_image\" \/>\n<meta name=\"twitter:site\" content=\"@roterochserhens\" \/>\n<meta name=\"twitter:label1\" content=\"Estimated reading time\" \/>\n\t<meta name=\"twitter:data1\" content=\"5 minutes\" \/>\n<script type=\"application\/ld+json\" class=\"yoast-schema-graph\">{\"@context\":\"https:\\\/\\\/schema.org\",\"@graph\":[{\"@type\":\"WebPage\",\"@id\":\"https:\\\/\\\/roter-ochse.de\\\/impressum\\\/\",\"url\":\"https:\\\/\\\/roter-ochse.de\\\/impressum\\\/\",\"name\":\"Impressum - AKZENT Hotel Roter Ochse\",\"isPartOf\":{\"@id\":\"https:\\\/\\\/roter-ochse.de\\\/#website\"},\"datePublished\":\"2022-10-15T12:04:20+00:00\",\"dateModified\":\"2023-07-14T18:13:31+00:00\",\"breadcrumb\":{\"@id\":\"https:\\\/\\\/roter-ochse.de\\\/impressum\\\/#breadcrumb\"},\"inLanguage\":\"en-GB\",\"potentialAction\":[{\"@type\":\"ReadAction\",\"target\":[\"https:\\\/\\\/roter-ochse.de\\\/impressum\\\/\"]}]},{\"@type\":\"BreadcrumbList\",\"@id\":\"https:\\\/\\\/roter-ochse.de\\\/impressum\\\/#breadcrumb\",\"itemListElement\":[{\"@type\":\"ListItem\",\"position\":1,\"name\":\"Startseite\",\"item\":\"https:\\\/\\\/roter-ochse.de\\\/\"},{\"@type\":\"ListItem\",\"position\":2,\"name\":\"Impressum\"}]},{\"@type\":\"WebSite\",\"@id\":\"https:\\\/\\\/roter-ochse.de\\\/#website\",\"url\":\"https:\\\/\\\/roter-ochse.de\\\/\",\"name\":\"AKZENT Hotel Roter Ochse\",\"description\":\"Familiengef\u00fchrtes Hotel am Romantischen Rhein in Rhens bei Koblenz\",\"publisher\":{\"@id\":\"https:\\\/\\\/roter-ochse.de\\\/#organization\"},\"potentialAction\":[{\"@type\":\"SearchAction\",\"target\":{\"@type\":\"EntryPoint\",\"urlTemplate\":\"https:\\\/\\\/roter-ochse.de\\\/?s={search_term_string}\"},\"query-input\":{\"@type\":\"PropertyValueSpecification\",\"valueRequired\":true,\"valueName\":\"search_term_string\"}}],\"inLanguage\":\"en-GB\"},{\"@type\":\"Organization\",\"@id\":\"https:\\\/\\\/roter-ochse.de\\\/#organization\",\"name\":\"AKZENT Hotel Roter Ochse\",\"url\":\"https:\\\/\\\/roter-ochse.de\\\/\",\"logo\":{\"@type\":\"ImageObject\",\"inLanguage\":\"en-GB\",\"@id\":\"https:\\\/\\\/roter-ochse.de\\\/#\\\/schema\\\/logo\\\/image\\\/\",\"url\":\"https:\\\/\\\/roter-ochse.de\\\/wp-content\\\/uploads\\\/2022\\\/10\\\/AKZENT-Hotel-Roter-Ochse_Rhens_Unterschrift-Logo_Logo.jpg\",\"contentUrl\":\"https:\\\/\\\/roter-ochse.de\\\/wp-content\\\/uploads\\\/2022\\\/10\\\/AKZENT-Hotel-Roter-Ochse_Rhens_Unterschrift-Logo_Logo.jpg\",\"width\":1024,\"height\":372,\"caption\":\"AKZENT Hotel Roter Ochse\"},\"image\":{\"@id\":\"https:\\\/\\\/roter-ochse.de\\\/#\\\/schema\\\/logo\\\/image\\\/\"},\"sameAs\":[\"https:\\\/\\\/www.facebook.com\\\/roterochse\\\/\",\"https:\\\/\\\/x.com\\\/roterochserhens\",\"https:\\\/\\\/www.instagram.com\\\/explore\\\/locations\\\/1014428681\\\/akzent-hotel-roter-ochse-rhens\\\/\"]}]}<\/script>\n<!-- \/ Yoast SEO plugin. -->","yoast_head_json":{"title":"Impressum - AKZENT Hotel Roter Ochse","robots":{"index":"index","follow":"follow","max-snippet":"max-snippet:-1","max-image-preview":"max-image-preview:large","max-video-preview":"max-video-preview:-1"},"canonical":"https:\/\/roter-ochse.de\/eng\/impressum\/","og_locale":"en_GB","og_type":"article","og_title":"Impressum - AKZENT Hotel Roter Ochse","og_description":"Impressum Impressum \/ Anbieterkennzeichnung (nach \u00a75 Telemediengesetz TMG) Informationsanbieter (veranwortlich f\u00fcr den Inhalt) \u00a0 AKZENT Hotel Roter OchseHochstrasse 2756321 RhensTelefon:026282221Telefax: 026283709info@roter-ochse.de Gesch\u00e4ftsf\u00fchrer:\u00a0Werner Kochh\u00e4userVertretungsberechtigt:\u00a0Werner Kochh\u00e4userVerantwortlich im Sinne des Presserechts:\u00a0Werner Kochh\u00e4user (Anschrift wie oben) \u00a0 Handelsregistereintrag (Registergericht, Registernummer) \u00a0 Zust\u00e4ndiges Finanzamt KoblenzSteuernummer: 22\/090\/3196\/3USt.-ID: DE219864254 Disclaimer Trotz sorgf\u00e4ltiger inhaltlicher Kontrolle \u00fcbernehmen wir keine Haftung f\u00fcr die Inhalteexterner Links. [&hellip;]","og_url":"https:\/\/roter-ochse.de\/eng\/impressum\/","og_site_name":"AKZENT Hotel Roter Ochse","article_publisher":"https:\/\/www.facebook.com\/roterochse\/","article_modified_time":"2023-07-14T18:13:31+00:00","twitter_card":"summary_large_image","twitter_site":"@roterochserhens","twitter_misc":{"Estimated reading time":"5 minutes"},"schema":{"@context":"https:\/\/schema.org","@graph":[{"@type":"WebPage","@id":"https:\/\/roter-ochse.de\/impressum\/","url":"https:\/\/roter-ochse.de\/impressum\/","name":"Impressum - AKZENT Hotel Roter Ochse","isPartOf":{"@id":"https:\/\/roter-ochse.de\/#website"},"datePublished":"2022-10-15T12:04:20+00:00","dateModified":"2023-07-14T18:13:31+00:00","breadcrumb":{"@id":"https:\/\/roter-ochse.de\/impressum\/#breadcrumb"},"inLanguage":"en-GB","potentialAction":[{"@type":"ReadAction","target":["https:\/\/roter-ochse.de\/impressum\/"]}]},{"@type":"BreadcrumbList","@id":"https:\/\/roter-ochse.de\/impressum\/#breadcrumb","itemListElement":[{"@type":"ListItem","position":1,"name":"Startseite","item":"https:\/\/roter-ochse.de\/"},{"@type":"ListItem","position":2,"name":"Impressum"}]},{"@type":"WebSite","@id":"https:\/\/roter-ochse.de\/#website","url":"https:\/\/roter-ochse.de\/","name":"AKZENT Hotel Roter Ochse","description":"Familiengef\u00fchrtes Hotel am Romantischen Rhein in Rhens bei Koblenz","publisher":{"@id":"https:\/\/roter-ochse.de\/#organization"},"potentialAction":[{"@type":"SearchAction","target":{"@type":"EntryPoint","urlTemplate":"https:\/\/roter-ochse.de\/?s={search_term_string}"},"query-input":{"@type":"PropertyValueSpecification","valueRequired":true,"valueName":"search_term_string"}}],"inLanguage":"en-GB"},{"@type":"Organization","@id":"https:\/\/roter-ochse.de\/#organization","name":"AKZENT Hotel Roter Ochse","url":"https:\/\/roter-ochse.de\/","logo":{"@type":"ImageObject","inLanguage":"en-GB","@id":"https:\/\/roter-ochse.de\/#\/schema\/logo\/image\/","url":"https:\/\/roter-ochse.de\/wp-content\/uploads\/2022\/10\/AKZENT-Hotel-Roter-Ochse_Rhens_Unterschrift-Logo_Logo.jpg","contentUrl":"https:\/\/roter-ochse.de\/wp-content\/uploads\/2022\/10\/AKZENT-Hotel-Roter-Ochse_Rhens_Unterschrift-Logo_Logo.jpg","width":1024,"height":372,"caption":"AKZENT Hotel Roter Ochse"},"image":{"@id":"https:\/\/roter-ochse.de\/#\/schema\/logo\/image\/"},"sameAs":["https:\/\/www.facebook.com\/roterochse\/","https:\/\/x.com\/roterochserhens","https:\/\/www.instagram.com\/explore\/locations\/1014428681\/akzent-hotel-roter-ochse-rhens\/"]}]}},"_links":{"self":[{"href":"https:\/\/roter-ochse.de\/eng\/wp-json\/wp\/v2\/pages\/132","targetHints":{"allow":["GET"]}}],"collection":[{"href":"https:\/\/roter-ochse.de\/eng\/wp-json\/wp\/v2\/pages"}],"about":[{"href":"https:\/\/roter-ochse.de\/eng\/wp-json\/wp\/v2\/types\/page"}],"author":[{"embeddable":true,"href":"https:\/\/roter-ochse.de\/eng\/wp-json\/wp\/v2\/users\/1"}],"replies":[{"embeddable":true,"href":"https:\/\/roter-ochse.de\/eng\/wp-json\/wp\/v2\/comments?post=132"}],"version-history":[{"count":28,"href":"https:\/\/roter-ochse.de\/eng\/wp-json\/wp\/v2\/pages\/132\/revisions"}],"predecessor-version":[{"id":3041,"href":"https:\/\/roter-ochse.de\/eng\/wp-json\/wp\/v2\/pages\/132\/revisions\/3041"}],"wp:attachment":[{"href":"https:\/\/roter-ochse.de\/eng\/wp-json\/wp\/v2\/media?parent=132"}],"curies":[{"name":"wp","href":"https:\/\/api.w.org\/{rel}","templated":true}]}}